{"id":209441,"date":"2024-09-09T07:40:14","date_gmt":"2024-09-09T07:40:14","guid":{"rendered":"https:\/\/www.mountaindropoffs.com\/informacion-de-contacto\/"},"modified":"2025-01-15T12:11:25","modified_gmt":"2025-01-15T12:11:25","slug":"informacion-de-contacto","status":"publish","type":"page","link":"https:\/\/www.mountaindropoffs.com\/es\/informacion-de-contacto\/","title":{"rendered":"Informaci\u00f3n de contacto"},"content":{"rendered":"<h3>Llama a la Monta\u00f1a<\/h3>\n<p>\u00bfNecesitas hablar con nosotros en ingl\u00e9s o franc\u00e9s? No hay problema, ll\u00e1manos a cualquiera de los n\u00fameros de tel\u00e9fono que aparecen a continuaci\u00f3n y estaremos encantados de ayudarte. O consulta nuestra p\u00e1gina de Preguntas frecuentes.<\/p>\n<p>+33 (0)4 50 47 17 73 &#8211; Francia<br \/>\n+44 (0)207 0434 874 &#8211; Reino Unido<\/p>\n","protected":false},"excerpt":{"rendered":"<p>Llama a la Monta\u00f1a \u00bfNecesitas hablar con nosotros en ingl\u00e9s o franc\u00e9s? No hay problema, ll\u00e1manos a cualquiera de los n\u00fameros de tel\u00e9fono que aparecen a continuaci\u00f3n y estaremos encantados de ayudarte. O consulta nuestra p\u00e1gina de Preguntas frecuentes. +33 (0)4 50 47 17 73 &#8211; Francia +44 (0)207 0434 874 &#8211; Reino Unido<\/p>\n","protected":false},"author":1,"featured_media":174675,"parent":0,"menu_order":0,"comment_status":"closed","ping_status":"closed","template":"template-contact.php","meta":{"_acf_changed":false,"inline_featured_image":false,"footnotes":""},"class_list":["post-209441","page","type-page","status-publish","has-post-thumbnail","hentry"],"acf":[],"yoast_head":"<!-- This site is optimized with the Yoast SEO plugin v26.8 - https:\/\/yoast.com\/product\/yoast-seo-wordpress\/ -->\n<title>Informaci\u00f3n de contacto - Mountain Dropoffs<\/title>\n<meta name=\"robots\" content=\"index, follow, max-snippet:-1, max-image-preview:large, max-video-preview:-1\" \/>\n<link rel=\"canonical\" href=\"https:\/\/www.mountaindropoffs.com\/es\/informacion-de-contacto\/\" \/>\n<meta property=\"og:locale\" content=\"es_ES\" \/>\n<meta property=\"og:type\" content=\"article\" \/>\n<meta property=\"og:title\" content=\"Informaci\u00f3n de contacto - Mountain Dropoffs\" \/>\n<meta property=\"og:description\" content=\"Llama a la Monta\u00f1a \u00bfNecesitas hablar con nosotros en ingl\u00e9s o franc\u00e9s? No hay problema, ll\u00e1manos a cualquiera de los n\u00fameros de tel\u00e9fono que aparecen a continuaci\u00f3n y estaremos encantados de ayudarte. O consulta nuestra p\u00e1gina de Preguntas frecuentes. +33 (0)4 50 47 17 73 &#8211; Francia +44 (0)207 0434 874 &#8211; Reino Unido\" \/>\n<meta property=\"og:url\" content=\"https:\/\/www.mountaindropoffs.com\/es\/informacion-de-contacto\/\" \/>\n<meta property=\"og:site_name\" content=\"Mountain Dropoffs\" \/>\n<meta property=\"article:modified_time\" content=\"2025-01-15T12:11:25+00:00\" \/>\n<meta property=\"og:image\" content=\"https:\/\/www.mountaindropoffs.com\/wp-content\/uploads\/2024\/09\/nicolas-cool-SpNbLsJuuYQ-unsplash-2.jpg\" \/>\n\t<meta property=\"og:image:width\" content=\"2400\" \/>\n\t<meta property=\"og:image:height\" content=\"1340\" \/>\n\t<meta property=\"og:image:type\" content=\"image\/jpeg\" \/>\n<meta name=\"twitter:card\" content=\"summary_large_image\" \/>\n<script type=\"application\/ld+json\" class=\"yoast-schema-graph\">{\"@context\":\"https:\/\/schema.org\",\"@graph\":[{\"@type\":\"WebPage\",\"@id\":\"https:\/\/www.mountaindropoffs.com\/es\/informacion-de-contacto\/\",\"url\":\"https:\/\/www.mountaindropoffs.com\/es\/informacion-de-contacto\/\",\"name\":\"Informaci\u00f3n de contacto - Mountain Dropoffs\",\"isPartOf\":{\"@id\":\"https:\/\/www.mountaindropoffs.com\/es\/#website\"},\"primaryImageOfPage\":{\"@id\":\"https:\/\/www.mountaindropoffs.com\/es\/informacion-de-contacto\/#primaryimage\"},\"image\":{\"@id\":\"https:\/\/www.mountaindropoffs.com\/es\/informacion-de-contacto\/#primaryimage\"},\"thumbnailUrl\":\"https:\/\/www.mountaindropoffs.com\/wp-content\/uploads\/2024\/09\/nicolas-cool-SpNbLsJuuYQ-unsplash-2.jpg\",\"datePublished\":\"2024-09-09T07:40:14+00:00\",\"dateModified\":\"2025-01-15T12:11:25+00:00\",\"breadcrumb\":{\"@id\":\"https:\/\/www.mountaindropoffs.com\/es\/informacion-de-contacto\/#breadcrumb\"},\"inLanguage\":\"es\",\"potentialAction\":[{\"@type\":\"ReadAction\",\"target\":[\"https:\/\/www.mountaindropoffs.com\/es\/informacion-de-contacto\/\"]}]},{\"@type\":\"ImageObject\",\"inLanguage\":\"es\",\"@id\":\"https:\/\/www.mountaindropoffs.com\/es\/informacion-de-contacto\/#primaryimage\",\"url\":\"https:\/\/www.mountaindropoffs.com\/wp-content\/uploads\/2024\/09\/nicolas-cool-SpNbLsJuuYQ-unsplash-2.jpg\",\"contentUrl\":\"https:\/\/www.mountaindropoffs.com\/wp-content\/uploads\/2024\/09\/nicolas-cool-SpNbLsJuuYQ-unsplash-2.jpg\",\"width\":2400,\"height\":1340,\"caption\":\"ready for some fresh air contact us\"},{\"@type\":\"BreadcrumbList\",\"@id\":\"https:\/\/www.mountaindropoffs.com\/es\/informacion-de-contacto\/#breadcrumb\",\"itemListElement\":[{\"@type\":\"ListItem\",\"position\":1,\"name\":\"Home\",\"item\":\"https:\/\/www.mountaindropoffs.com\/es\/\"},{\"@type\":\"ListItem\",\"position\":2,\"name\":\"Informaci\u00f3n de contacto\"}]},{\"@type\":\"WebSite\",\"@id\":\"https:\/\/www.mountaindropoffs.com\/es\/#website\",\"url\":\"https:\/\/www.mountaindropoffs.com\/es\/\",\"name\":\"Mountain Dropoffs\",\"description\":\"\",\"potentialAction\":[{\"@type\":\"SearchAction\",\"target\":{\"@type\":\"EntryPoint\",\"urlTemplate\":\"https:\/\/www.mountaindropoffs.com\/es\/?s={search_term_string}\"},\"query-input\":{\"@type\":\"PropertyValueSpecification\",\"valueRequired\":true,\"valueName\":\"search_term_string\"}}],\"inLanguage\":\"es\"}]}<\/script>\n<!-- \/ Yoast SEO plugin. -->","yoast_head_json":{"title":"Informaci\u00f3n de contacto - Mountain Dropoffs","robots":{"index":"index","follow":"follow","max-snippet":"max-snippet:-1","max-image-preview":"max-image-preview:large","max-video-preview":"max-video-preview:-1"},"canonical":"https:\/\/www.mountaindropoffs.com\/es\/informacion-de-contacto\/","og_locale":"es_ES","og_type":"article","og_title":"Informaci\u00f3n de contacto - Mountain Dropoffs","og_description":"Llama a la Monta\u00f1a \u00bfNecesitas hablar con nosotros en ingl\u00e9s o franc\u00e9s? No hay problema, ll\u00e1manos a cualquiera de los n\u00fameros de tel\u00e9fono que aparecen a continuaci\u00f3n y estaremos encantados de ayudarte. O consulta nuestra p\u00e1gina de Preguntas frecuentes. +33 (0)4 50 47 17 73 &#8211; Francia +44 (0)207 0434 874 &#8211; Reino Unido","og_url":"https:\/\/www.mountaindropoffs.com\/es\/informacion-de-contacto\/","og_site_name":"Mountain Dropoffs","article_modified_time":"2025-01-15T12:11:25+00:00","og_image":[{"width":2400,"height":1340,"url":"https:\/\/www.mountaindropoffs.com\/wp-content\/uploads\/2024\/09\/nicolas-cool-SpNbLsJuuYQ-unsplash-2.jpg","type":"image\/jpeg"}],"twitter_card":"summary_large_image","schema":{"@context":"https:\/\/schema.org","@graph":[{"@type":"WebPage","@id":"https:\/\/www.mountaindropoffs.com\/es\/informacion-de-contacto\/","url":"https:\/\/www.mountaindropoffs.com\/es\/informacion-de-contacto\/","name":"Informaci\u00f3n de contacto - Mountain Dropoffs","isPartOf":{"@id":"https:\/\/www.mountaindropoffs.com\/es\/#website"},"primaryImageOfPage":{"@id":"https:\/\/www.mountaindropoffs.com\/es\/informacion-de-contacto\/#primaryimage"},"image":{"@id":"https:\/\/www.mountaindropoffs.com\/es\/informacion-de-contacto\/#primaryimage"},"thumbnailUrl":"https:\/\/www.mountaindropoffs.com\/wp-content\/uploads\/2024\/09\/nicolas-cool-SpNbLsJuuYQ-unsplash-2.jpg","datePublished":"2024-09-09T07:40:14+00:00","dateModified":"2025-01-15T12:11:25+00:00","breadcrumb":{"@id":"https:\/\/www.mountaindropoffs.com\/es\/informacion-de-contacto\/#breadcrumb"},"inLanguage":"es","potentialAction":[{"@type":"ReadAction","target":["https:\/\/www.mountaindropoffs.com\/es\/informacion-de-contacto\/"]}]},{"@type":"ImageObject","inLanguage":"es","@id":"https:\/\/www.mountaindropoffs.com\/es\/informacion-de-contacto\/#primaryimage","url":"https:\/\/www.mountaindropoffs.com\/wp-content\/uploads\/2024\/09\/nicolas-cool-SpNbLsJuuYQ-unsplash-2.jpg","contentUrl":"https:\/\/www.mountaindropoffs.com\/wp-content\/uploads\/2024\/09\/nicolas-cool-SpNbLsJuuYQ-unsplash-2.jpg","width":2400,"height":1340,"caption":"ready for some fresh air contact us"},{"@type":"BreadcrumbList","@id":"https:\/\/www.mountaindropoffs.com\/es\/informacion-de-contacto\/#breadcrumb","itemListElement":[{"@type":"ListItem","position":1,"name":"Home","item":"https:\/\/www.mountaindropoffs.com\/es\/"},{"@type":"ListItem","position":2,"name":"Informaci\u00f3n de contacto"}]},{"@type":"WebSite","@id":"https:\/\/www.mountaindropoffs.com\/es\/#website","url":"https:\/\/www.mountaindropoffs.com\/es\/","name":"Mountain Dropoffs","description":"","potentialAction":[{"@type":"SearchAction","target":{"@type":"EntryPoint","urlTemplate":"https:\/\/www.mountaindropoffs.com\/es\/?s={search_term_string}"},"query-input":{"@type":"PropertyValueSpecification","valueRequired":true,"valueName":"search_term_string"}}],"inLanguage":"es"}]}},"_links":{"self":[{"href":"https:\/\/www.mountaindropoffs.com\/es\/wp-json\/wp\/v2\/pages\/209441","targetHints":{"allow":["GET"]}}],"collection":[{"href":"https:\/\/www.mountaindropoffs.com\/es\/wp-json\/wp\/v2\/pages"}],"about":[{"href":"https:\/\/www.mountaindropoffs.com\/es\/wp-json\/wp\/v2\/types\/page"}],"author":[{"embeddable":true,"href":"https:\/\/www.mountaindropoffs.com\/es\/wp-json\/wp\/v2\/users\/1"}],"replies":[{"embeddable":true,"href":"https:\/\/www.mountaindropoffs.com\/es\/wp-json\/wp\/v2\/comments?post=209441"}],"version-history":[{"count":0,"href":"https:\/\/www.mountaindropoffs.com\/es\/wp-json\/wp\/v2\/pages\/209441\/revisions"}],"wp:featuredmedia":[{"embeddable":true,"href":"https:\/\/www.mountaindropoffs.com\/es\/wp-json\/wp\/v2\/media\/174675"}],"wp:attachment":[{"href":"https:\/\/www.mountaindropoffs.com\/es\/wp-json\/wp\/v2\/media?parent=209441"}],"curies":[{"name":"wp","href":"https:\/\/api.w.org\/{rel}","templated":true}]}}