{"id":209543,"date":"2024-09-20T15:55:14","date_gmt":"2024-09-20T15:55:14","guid":{"rendered":"https:\/\/www.mountaindropoffs.com\/unsere-partner\/"},"modified":"2025-01-15T12:05:52","modified_gmt":"2025-01-15T12:05:52","slug":"unsere-partner","status":"publish","type":"page","link":"https:\/\/www.mountaindropoffs.com\/de\/unsere-partner\/","title":{"rendered":"Unsere Partner"},"content":{"rendered":"<p>Wir sind stolz darauf, viele Unternehmen zu unseren Partnern z\u00e4hlen zu d\u00fcrfen.<br \/>\nOb Hotels, Reiseveranstalter oder Reiseleiter, viele vertrauen uns ihr Gesch\u00e4ft an, weil unser Engagement f\u00fcr einen erstklassigen Kundenservice und die Liebe zum Detail ihr eigenes widerspiegelt.<br \/>\nAndere wissen, dass unsere Erfahrung, die wir seit 2004 in der Bef\u00f6rderung von Menschen in den Alpen gesammelt haben, ihre Kunden an unserem Flughafentransfer zu sch\u00e4tzen wissen.<br \/>\nWir stellen unsere Kunden und ihre Reisebed\u00fcrfnisse immer in den Mittelpunkt unseres Handelns.<br \/>\nJeder Flughafentransfer, den wir anbieten, ist f\u00fcr uns ebenso wichtig wie f\u00fcr die Reisenden, die mit uns reisen.<br \/>\nWir konzentrieren uns auf die Details, damit unsere Kunden sich einfach entspannen und die Fahrt zu ihrem Urlaubsziel genie\u00dfen k\u00f6nnen.<br \/>\nWenn Sie glauben, dass Ihre Kunden diese Art von Service zu sch\u00e4tzen wissen und Sie gerne mit uns zusammenarbeiten m\u00f6chten, dann nehmen Sie doch einfach Kontakt mit uns auf.<br \/>\nSchreiben Sie uns eine E-Mail an <a href=\"mailto:info@mountaindropoffs.com\">info@mountaindropoffs.com.<\/a>  <\/p>\n","protected":false},"excerpt":{"rendered":"<p>Wir sind stolz darauf, viele Unternehmen zu unseren Partnern z\u00e4hlen zu d\u00fcrfen. Ob Hotels, Reiseveranstalter oder Reiseleiter, viele vertrauen uns ihr Gesch\u00e4ft an, weil unser Engagement f\u00fcr einen erstklassigen Kundenservice und die Liebe zum Detail ihr eigenes widerspiegelt. Andere wissen, dass unsere Erfahrung, die wir seit 2004 in der Bef\u00f6rderung von Menschen in den Alpen [&hellip;]<\/p>\n","protected":false},"author":1,"featured_media":209544,"parent":0,"menu_order":0,"comment_status":"closed","ping_status":"closed","template":"template-standard.php","meta":{"_acf_changed":false,"inline_featured_image":false,"footnotes":""},"class_list":["post-209543","page","type-page","status-publish","has-post-thumbnail","hentry"],"acf":[],"yoast_head":"<!-- This site is optimized with the Yoast SEO plugin v26.8 - https:\/\/yoast.com\/product\/yoast-seo-wordpress\/ -->\n<title>Unsere Partner - Mountain Dropoffs<\/title>\n<meta name=\"robots\" content=\"index, follow, max-snippet:-1, max-image-preview:large, max-video-preview:-1\" \/>\n<link rel=\"canonical\" href=\"https:\/\/www.mountaindropoffs.com\/de\/unsere-partner\/\" \/>\n<meta property=\"og:locale\" content=\"de_DE\" \/>\n<meta property=\"og:type\" content=\"article\" \/>\n<meta property=\"og:title\" content=\"Unsere Partner - Mountain Dropoffs\" \/>\n<meta property=\"og:description\" content=\"Wir sind stolz darauf, viele Unternehmen zu unseren Partnern z\u00e4hlen zu d\u00fcrfen. Ob Hotels, Reiseveranstalter oder Reiseleiter, viele vertrauen uns ihr Gesch\u00e4ft an, weil unser Engagement f\u00fcr einen erstklassigen Kundenservice und die Liebe zum Detail ihr eigenes widerspiegelt. Andere wissen, dass unsere Erfahrung, die wir seit 2004 in der Bef\u00f6rderung von Menschen in den Alpen [&hellip;]\" \/>\n<meta property=\"og:url\" content=\"https:\/\/www.mountaindropoffs.com\/de\/unsere-partner\/\" \/>\n<meta property=\"og:site_name\" content=\"Mountain Dropoffs\" \/>\n<meta property=\"article:modified_time\" content=\"2025-01-15T12:05:52+00:00\" \/>\n<meta property=\"og:image\" content=\"https:\/\/www.mountaindropoffs.com\/wp-content\/uploads\/2024\/09\/ave-calvar-JVEVXHlhXlY-unsplash-scaled.jpg\" \/>\n\t<meta property=\"og:image:width\" content=\"2560\" \/>\n\t<meta property=\"og:image:height\" content=\"1707\" \/>\n\t<meta property=\"og:image:type\" content=\"image\/jpeg\" \/>\n<meta name=\"twitter:card\" content=\"summary_large_image\" \/>\n<meta name=\"twitter:label1\" content=\"Gesch\u00e4tzte Lesezeit\" \/>\n\t<meta name=\"twitter:data1\" content=\"1\u00a0Minute\" \/>\n<script type=\"application\/ld+json\" class=\"yoast-schema-graph\">{\"@context\":\"https:\/\/schema.org\",\"@graph\":[{\"@type\":\"WebPage\",\"@id\":\"https:\/\/www.mountaindropoffs.com\/de\/unsere-partner\/\",\"url\":\"https:\/\/www.mountaindropoffs.com\/de\/unsere-partner\/\",\"name\":\"Unsere Partner - Mountain Dropoffs\",\"isPartOf\":{\"@id\":\"https:\/\/www.mountaindropoffs.com\/de\/#website\"},\"primaryImageOfPage\":{\"@id\":\"https:\/\/www.mountaindropoffs.com\/de\/unsere-partner\/#primaryimage\"},\"image\":{\"@id\":\"https:\/\/www.mountaindropoffs.com\/de\/unsere-partner\/#primaryimage\"},\"thumbnailUrl\":\"https:\/\/www.mountaindropoffs.com\/wp-content\/uploads\/2024\/09\/ave-calvar-JVEVXHlhXlY-unsplash-scaled.jpg\",\"datePublished\":\"2024-09-20T15:55:14+00:00\",\"dateModified\":\"2025-01-15T12:05:52+00:00\",\"breadcrumb\":{\"@id\":\"https:\/\/www.mountaindropoffs.com\/de\/unsere-partner\/#breadcrumb\"},\"inLanguage\":\"de\",\"potentialAction\":[{\"@type\":\"ReadAction\",\"target\":[\"https:\/\/www.mountaindropoffs.com\/de\/unsere-partner\/\"]}]},{\"@type\":\"ImageObject\",\"inLanguage\":\"de\",\"@id\":\"https:\/\/www.mountaindropoffs.com\/de\/unsere-partner\/#primaryimage\",\"url\":\"https:\/\/www.mountaindropoffs.com\/wp-content\/uploads\/2024\/09\/ave-calvar-JVEVXHlhXlY-unsplash-scaled.jpg\",\"contentUrl\":\"https:\/\/www.mountaindropoffs.com\/wp-content\/uploads\/2024\/09\/ave-calvar-JVEVXHlhXlY-unsplash-scaled.jpg\",\"width\":2560,\"height\":1707},{\"@type\":\"BreadcrumbList\",\"@id\":\"https:\/\/www.mountaindropoffs.com\/de\/unsere-partner\/#breadcrumb\",\"itemListElement\":[{\"@type\":\"ListItem\",\"position\":1,\"name\":\"Home\",\"item\":\"https:\/\/www.mountaindropoffs.com\/de\/\"},{\"@type\":\"ListItem\",\"position\":2,\"name\":\"Unsere Partner\"}]},{\"@type\":\"WebSite\",\"@id\":\"https:\/\/www.mountaindropoffs.com\/de\/#website\",\"url\":\"https:\/\/www.mountaindropoffs.com\/de\/\",\"name\":\"Mountain Dropoffs\",\"description\":\"\",\"potentialAction\":[{\"@type\":\"SearchAction\",\"target\":{\"@type\":\"EntryPoint\",\"urlTemplate\":\"https:\/\/www.mountaindropoffs.com\/de\/?s={search_term_string}\"},\"query-input\":{\"@type\":\"PropertyValueSpecification\",\"valueRequired\":true,\"valueName\":\"search_term_string\"}}],\"inLanguage\":\"de\"}]}<\/script>\n<!-- \/ Yoast SEO plugin. -->","yoast_head_json":{"title":"Unsere Partner - Mountain Dropoffs","robots":{"index":"index","follow":"follow","max-snippet":"max-snippet:-1","max-image-preview":"max-image-preview:large","max-video-preview":"max-video-preview:-1"},"canonical":"https:\/\/www.mountaindropoffs.com\/de\/unsere-partner\/","og_locale":"de_DE","og_type":"article","og_title":"Unsere Partner - Mountain Dropoffs","og_description":"Wir sind stolz darauf, viele Unternehmen zu unseren Partnern z\u00e4hlen zu d\u00fcrfen. Ob Hotels, Reiseveranstalter oder Reiseleiter, viele vertrauen uns ihr Gesch\u00e4ft an, weil unser Engagement f\u00fcr einen erstklassigen Kundenservice und die Liebe zum Detail ihr eigenes widerspiegelt. Andere wissen, dass unsere Erfahrung, die wir seit 2004 in der Bef\u00f6rderung von Menschen in den Alpen [&hellip;]","og_url":"https:\/\/www.mountaindropoffs.com\/de\/unsere-partner\/","og_site_name":"Mountain Dropoffs","article_modified_time":"2025-01-15T12:05:52+00:00","og_image":[{"width":2560,"height":1707,"url":"https:\/\/www.mountaindropoffs.com\/wp-content\/uploads\/2024\/09\/ave-calvar-JVEVXHlhXlY-unsplash-scaled.jpg","type":"image\/jpeg"}],"twitter_card":"summary_large_image","twitter_misc":{"Gesch\u00e4tzte Lesezeit":"1\u00a0Minute"},"schema":{"@context":"https:\/\/schema.org","@graph":[{"@type":"WebPage","@id":"https:\/\/www.mountaindropoffs.com\/de\/unsere-partner\/","url":"https:\/\/www.mountaindropoffs.com\/de\/unsere-partner\/","name":"Unsere Partner - Mountain Dropoffs","isPartOf":{"@id":"https:\/\/www.mountaindropoffs.com\/de\/#website"},"primaryImageOfPage":{"@id":"https:\/\/www.mountaindropoffs.com\/de\/unsere-partner\/#primaryimage"},"image":{"@id":"https:\/\/www.mountaindropoffs.com\/de\/unsere-partner\/#primaryimage"},"thumbnailUrl":"https:\/\/www.mountaindropoffs.com\/wp-content\/uploads\/2024\/09\/ave-calvar-JVEVXHlhXlY-unsplash-scaled.jpg","datePublished":"2024-09-20T15:55:14+00:00","dateModified":"2025-01-15T12:05:52+00:00","breadcrumb":{"@id":"https:\/\/www.mountaindropoffs.com\/de\/unsere-partner\/#breadcrumb"},"inLanguage":"de","potentialAction":[{"@type":"ReadAction","target":["https:\/\/www.mountaindropoffs.com\/de\/unsere-partner\/"]}]},{"@type":"ImageObject","inLanguage":"de","@id":"https:\/\/www.mountaindropoffs.com\/de\/unsere-partner\/#primaryimage","url":"https:\/\/www.mountaindropoffs.com\/wp-content\/uploads\/2024\/09\/ave-calvar-JVEVXHlhXlY-unsplash-scaled.jpg","contentUrl":"https:\/\/www.mountaindropoffs.com\/wp-content\/uploads\/2024\/09\/ave-calvar-JVEVXHlhXlY-unsplash-scaled.jpg","width":2560,"height":1707},{"@type":"BreadcrumbList","@id":"https:\/\/www.mountaindropoffs.com\/de\/unsere-partner\/#breadcrumb","itemListElement":[{"@type":"ListItem","position":1,"name":"Home","item":"https:\/\/www.mountaindropoffs.com\/de\/"},{"@type":"ListItem","position":2,"name":"Unsere Partner"}]},{"@type":"WebSite","@id":"https:\/\/www.mountaindropoffs.com\/de\/#website","url":"https:\/\/www.mountaindropoffs.com\/de\/","name":"Mountain Dropoffs","description":"","potentialAction":[{"@type":"SearchAction","target":{"@type":"EntryPoint","urlTemplate":"https:\/\/www.mountaindropoffs.com\/de\/?s={search_term_string}"},"query-input":{"@type":"PropertyValueSpecification","valueRequired":true,"valueName":"search_term_string"}}],"inLanguage":"de"}]}},"_links":{"self":[{"href":"https:\/\/www.mountaindropoffs.com\/de\/wp-json\/wp\/v2\/pages\/209543","targetHints":{"allow":["GET"]}}],"collection":[{"href":"https:\/\/www.mountaindropoffs.com\/de\/wp-json\/wp\/v2\/pages"}],"about":[{"href":"https:\/\/www.mountaindropoffs.com\/de\/wp-json\/wp\/v2\/types\/page"}],"author":[{"embeddable":true,"href":"https:\/\/www.mountaindropoffs.com\/de\/wp-json\/wp\/v2\/users\/1"}],"replies":[{"embeddable":true,"href":"https:\/\/www.mountaindropoffs.com\/de\/wp-json\/wp\/v2\/comments?post=209543"}],"version-history":[{"count":0,"href":"https:\/\/www.mountaindropoffs.com\/de\/wp-json\/wp\/v2\/pages\/209543\/revisions"}],"wp:featuredmedia":[{"embeddable":true,"href":"https:\/\/www.mountaindropoffs.com\/de\/wp-json\/wp\/v2\/media\/209544"}],"wp:attachment":[{"href":"https:\/\/www.mountaindropoffs.com\/de\/wp-json\/wp\/v2\/media?parent=209543"}],"curies":[{"name":"wp","href":"https:\/\/api.w.org\/{rel}","templated":true}]}}